{"id":278,"date":"2025-02-27T10:40:26","date_gmt":"2025-02-27T09:40:26","guid":{"rendered":"https:\/\/www.finqueslavignole.com\/?page_id=278"},"modified":"2025-02-27T10:43:37","modified_gmt":"2025-02-27T09:43:37","slug":"aviso-legal","status":"publish","type":"page","link":"https:\/\/www.finqueslavignole.com\/es\/aviso-legal\/","title":{"rendered":"Aviso legal"},"content":{"rendered":"\t\t<div data-elementor-type=\"wp-page\" data-elementor-id=\"278\" class=\"elementor elementor-278 elementor-272\">\n\t\t\t\t<div class=\"elementor-element elementor-element-41c96d9a e-flex e-con-boxed e-con e-parent\" data-id=\"41c96d9a\" data-element_type=\"container\">\n\t\t\t\t\t<div class=\"e-con-inner\">\n\t\t<div class=\"elementor-element elementor-element-adf7824 e-con-full e-flex e-con e-child\" data-id=\"adf7824\" data-element_type=\"container\">\n\t\t\t\t<div class=\"elementor-element elementor-element-5aca27f9 elementor-widget elementor-widget-text-editor\" data-id=\"5aca27f9\" data-element_type=\"widget\" data-widget_type=\"text-editor.default\">\n\t\t\t\t<div class=\"elementor-widget-container\">\n\t\t\t\t\t\t\t\t\t<p data-pm-slice=\"1 1 []\"><strong>1. Informaci\u00f3n General<\/strong> De acuerdo con lo dispuesto en la Ley 34\/2002, de 11 de julio, de servicios de la sociedad de la informaci\u00f3n y de comercio electr\u00f3nico (LSSI-CE), se informa que el sitio web <a>www.finqueslavignole.com<\/a> es propiedad de:<\/p><ul data-spread=\"false\"><li><p><strong>Nombre de la empresa:<\/strong> FINQUES LAVIGNOLE S.L.<\/p><\/li><li><p><strong>NIF\/CIF:<\/strong> B67100628<\/p><\/li><li><p><strong>Direcci\u00f3n:<\/strong> AVDA. VIRGEN DE MONTSERRAT, 233 LOCAL EL PRAT DE LLOBREGAT 08820 Barcelona ES<\/p><\/li><li><p><strong>Tel\u00e9fono de contacto:<\/strong> [Tel\u00e9fono]<\/p><\/li><li><p><strong>Correo electr\u00f3nico:<\/strong> <a>info@finqueslavignole.com<\/a><\/p><\/li><\/ul><p><strong>2. Objeto<\/strong> Este aviso legal regula el acceso y el uso del sitio web <a>www.finqueslavignole.com<\/a>, puesto a disposici\u00f3n de los usuarios de Internet. El acceso y la navegaci\u00f3n por este sitio web suponen la aceptaci\u00f3n de este aviso legal en su totalidad.<\/p><p><strong>3. Condiciones de Uso<\/strong> El usuario se compromete a hacer un uso adecuado de los contenidos y servicios que FINQUES LAVIGNOLE S.L. ofrece a trav\u00e9s de su sitio web y, a t\u00edtulo enunciativo, pero no limitativo, a no utilizarlos para:<\/p><ul data-spread=\"false\"><li><p>Realizar actividades il\u00edcitas, ilegales o contrarias a la buena fe y al orden p\u00fablico.<\/p><\/li><li><p>Difundir contenidos o propaganda de car\u00e1cter racista, xen\u00f3fobo, pornogr\u00e1fico-ilegal, de apolog\u00eda del terrorismo o atentatorio contra los derechos humanos.<\/p><\/li><li><p>Provocar da\u00f1os en los sistemas f\u00edsicos y l\u00f3gicos de FINQUES LAVIGNOLE S.L., de sus proveedores o de terceras personas.<\/p><\/li><\/ul><p><strong>4. Protecci\u00f3n de Datos<\/strong> En cumplimiento del Reglamento General de Protecci\u00f3n de Datos (RGPD) y la Ley Org\u00e1nica 3\/2018, de Protecci\u00f3n de Datos Personales y garant\u00eda de los derechos digitales, se informa a los usuarios que los datos facilitados ser\u00e1n tratados seg\u00fan la normativa vigente. Para m\u00e1s informaci\u00f3n, consulte nuestra Pol\u00edtica de Privacidad.<\/p><p><strong>5. Propiedad Intelectual e Industrial<\/strong> Todos los contenidos del sitio web (textos, im\u00e1genes, logotipos, dise\u00f1os, etc.) est\u00e1n protegidos por la normativa de propiedad intelectual e industrial. Queda prohibida su reproducci\u00f3n, distribuci\u00f3n o modificaci\u00f3n sin autorizaci\u00f3n expresa de FINQUES LAVIGNOLE S.L.<\/p><p><strong>6. Responsabilidad<\/strong> FINQUES LAVIGNOLE S.L. no se hace responsable de los da\u00f1os que puedan derivarse del uso ileg\u00edtimo o inadecuado del sitio web, ni de los contenidos enlazados a terceros que no est\u00e9n bajo su control.<\/p><p><strong>7. Legislaci\u00f3n Aplicable y Jurisdicci\u00f3n<\/strong> Este aviso legal se rige por la legislaci\u00f3n espa\u00f1ola. Cualquier controversia que pueda surgir se resolver\u00e1 en los tribunales de Barcelona.<\/p>\t\t\t\t\t\t\t\t<\/div>\n\t\t\t\t<\/div>\n\t\t\t\t<\/div>\n\t\t\t\t\t<\/div>\n\t\t\t\t<\/div>\n\t\t\t\t<\/div>\n\t\t","protected":false},"excerpt":{"rendered":"<p>1. Informaci\u00f3n General De acuerdo con lo dispuesto en la Ley 34\/2002, de 11 de julio, de servicios de la sociedad de la informaci\u00f3n y de comercio electr\u00f3nico (LSSI-CE), se&#8230;<\/p>\n","protected":false},"author":1,"featured_media":182,"parent":0,"menu_order":0,"comment_status":"closed","ping_status":"closed","template":"","meta":{"_acf_changed":false,"inline_featured_image":false,"footnotes":""},"class_list":["post-278","page","type-page","status-publish","has-post-thumbnail","hentry"],"acf":[],"yoast_head":"<!-- This site is optimized with the Yoast SEO plugin v24.5 - https:\/\/yoast.com\/wordpress\/plugins\/seo\/ -->\n<title>Aviso legal - Finques Lavignole<\/title>\n<meta name=\"robots\" content=\"index, follow, max-snippet:-1, max-image-preview:large, max-video-preview:-1\" \/>\n<link rel=\"canonical\" href=\"https:\/\/www.finqueslavignole.com\/es\/aviso-legal\/\" \/>\n<meta property=\"og:locale\" content=\"es_ES\" \/>\n<meta property=\"og:type\" content=\"article\" \/>\n<meta property=\"og:title\" content=\"Aviso legal - Finques Lavignole\" \/>\n<meta property=\"og:description\" content=\"1. Informaci\u00f3n General De acuerdo con lo dispuesto en la Ley 34\/2002, de 11 de julio, de servicios de la sociedad de la informaci\u00f3n y de comercio electr\u00f3nico (LSSI-CE), se...\" \/>\n<meta property=\"og:url\" content=\"https:\/\/www.finqueslavignole.com\/es\/aviso-legal\/\" \/>\n<meta property=\"og:site_name\" content=\"Finques Lavignole\" \/>\n<meta property=\"article:modified_time\" content=\"2025-02-27T09:43:37+00:00\" \/>\n<meta property=\"og:image\" content=\"https:\/\/www.finqueslavignole.com\/app\/uploads\/2025\/02\/serveis-banner.jpg\" \/>\n\t<meta property=\"og:image:width\" content=\"1440\" \/>\n\t<meta property=\"og:image:height\" content=\"310\" \/>\n\t<meta property=\"og:image:type\" content=\"image\/jpeg\" \/>\n<meta name=\"twitter:card\" content=\"summary_large_image\" \/>\n<meta name=\"twitter:label1\" content=\"Tiempo de lectura\" \/>\n\t<meta name=\"twitter:data1\" content=\"2 minutos\" \/>\n<script type=\"application\/ld+json\" class=\"yoast-schema-graph\">{\"@context\":\"https:\/\/schema.org\",\"@graph\":[{\"@type\":\"WebPage\",\"@id\":\"https:\/\/www.finqueslavignole.com\/es\/aviso-legal\/\",\"url\":\"https:\/\/www.finqueslavignole.com\/es\/aviso-legal\/\",\"name\":\"Aviso legal - Finques Lavignole\",\"isPartOf\":{\"@id\":\"https:\/\/www.finqueslavignole.com\/es\/#website\"},\"primaryImageOfPage\":{\"@id\":\"https:\/\/www.finqueslavignole.com\/es\/aviso-legal\/#primaryimage\"},\"image\":{\"@id\":\"https:\/\/www.finqueslavignole.com\/es\/aviso-legal\/#primaryimage\"},\"thumbnailUrl\":\"https:\/\/www.finqueslavignole.com\/app\/uploads\/2025\/02\/serveis-banner.jpg\",\"datePublished\":\"2025-02-27T09:40:26+00:00\",\"dateModified\":\"2025-02-27T09:43:37+00:00\",\"breadcrumb\":{\"@id\":\"https:\/\/www.finqueslavignole.com\/es\/aviso-legal\/#breadcrumb\"},\"inLanguage\":\"es\",\"potentialAction\":[{\"@type\":\"ReadAction\",\"target\":[\"https:\/\/www.finqueslavignole.com\/es\/aviso-legal\/\"]}]},{\"@type\":\"ImageObject\",\"inLanguage\":\"es\",\"@id\":\"https:\/\/www.finqueslavignole.com\/es\/aviso-legal\/#primaryimage\",\"url\":\"https:\/\/www.finqueslavignole.com\/app\/uploads\/2025\/02\/serveis-banner.jpg\",\"contentUrl\":\"https:\/\/www.finqueslavignole.com\/app\/uploads\/2025\/02\/serveis-banner.jpg\",\"width\":1440,\"height\":310},{\"@type\":\"BreadcrumbList\",\"@id\":\"https:\/\/www.finqueslavignole.com\/es\/aviso-legal\/#breadcrumb\",\"itemListElement\":[{\"@type\":\"ListItem\",\"position\":1,\"name\":\"Portada\",\"item\":\"https:\/\/www.finqueslavignole.com\/es\/hombre\/\"},{\"@type\":\"ListItem\",\"position\":2,\"name\":\"Aviso legal\"}]},{\"@type\":\"WebSite\",\"@id\":\"https:\/\/www.finqueslavignole.com\/es\/#website\",\"url\":\"https:\/\/www.finqueslavignole.com\/es\/\",\"name\":\"Finques Lavignole\",\"description\":\"\",\"potentialAction\":[{\"@type\":\"SearchAction\",\"target\":{\"@type\":\"EntryPoint\",\"urlTemplate\":\"https:\/\/www.finqueslavignole.com\/es\/?s={search_term_string}\"},\"query-input\":{\"@type\":\"PropertyValueSpecification\",\"valueRequired\":true,\"valueName\":\"search_term_string\"}}],\"inLanguage\":\"es\"}]}<\/script>\n<!-- \/ Yoast SEO plugin. -->","yoast_head_json":{"title":"Aviso legal - Finques Lavignole","robots":{"index":"index","follow":"follow","max-snippet":"max-snippet:-1","max-image-preview":"max-image-preview:large","max-video-preview":"max-video-preview:-1"},"canonical":"https:\/\/www.finqueslavignole.com\/es\/aviso-legal\/","og_locale":"es_ES","og_type":"article","og_title":"Aviso legal - Finques Lavignole","og_description":"1. Informaci\u00f3n General De acuerdo con lo dispuesto en la Ley 34\/2002, de 11 de julio, de servicios de la sociedad de la informaci\u00f3n y de comercio electr\u00f3nico (LSSI-CE), se...","og_url":"https:\/\/www.finqueslavignole.com\/es\/aviso-legal\/","og_site_name":"Finques Lavignole","article_modified_time":"2025-02-27T09:43:37+00:00","og_image":[{"width":1440,"height":310,"url":"https:\/\/www.finqueslavignole.com\/app\/uploads\/2025\/02\/serveis-banner.jpg","type":"image\/jpeg"}],"twitter_card":"summary_large_image","twitter_misc":{"Tiempo de lectura":"2 minutos"},"schema":{"@context":"https:\/\/schema.org","@graph":[{"@type":"WebPage","@id":"https:\/\/www.finqueslavignole.com\/es\/aviso-legal\/","url":"https:\/\/www.finqueslavignole.com\/es\/aviso-legal\/","name":"Aviso legal - Finques Lavignole","isPartOf":{"@id":"https:\/\/www.finqueslavignole.com\/es\/#website"},"primaryImageOfPage":{"@id":"https:\/\/www.finqueslavignole.com\/es\/aviso-legal\/#primaryimage"},"image":{"@id":"https:\/\/www.finqueslavignole.com\/es\/aviso-legal\/#primaryimage"},"thumbnailUrl":"https:\/\/www.finqueslavignole.com\/app\/uploads\/2025\/02\/serveis-banner.jpg","datePublished":"2025-02-27T09:40:26+00:00","dateModified":"2025-02-27T09:43:37+00:00","breadcrumb":{"@id":"https:\/\/www.finqueslavignole.com\/es\/aviso-legal\/#breadcrumb"},"inLanguage":"es","potentialAction":[{"@type":"ReadAction","target":["https:\/\/www.finqueslavignole.com\/es\/aviso-legal\/"]}]},{"@type":"ImageObject","inLanguage":"es","@id":"https:\/\/www.finqueslavignole.com\/es\/aviso-legal\/#primaryimage","url":"https:\/\/www.finqueslavignole.com\/app\/uploads\/2025\/02\/serveis-banner.jpg","contentUrl":"https:\/\/www.finqueslavignole.com\/app\/uploads\/2025\/02\/serveis-banner.jpg","width":1440,"height":310},{"@type":"BreadcrumbList","@id":"https:\/\/www.finqueslavignole.com\/es\/aviso-legal\/#breadcrumb","itemListElement":[{"@type":"ListItem","position":1,"name":"Portada","item":"https:\/\/www.finqueslavignole.com\/es\/hombre\/"},{"@type":"ListItem","position":2,"name":"Aviso legal"}]},{"@type":"WebSite","@id":"https:\/\/www.finqueslavignole.com\/es\/#website","url":"https:\/\/www.finqueslavignole.com\/es\/","name":"Finques Lavignole","description":"","potentialAction":[{"@type":"SearchAction","target":{"@type":"EntryPoint","urlTemplate":"https:\/\/www.finqueslavignole.com\/es\/?s={search_term_string}"},"query-input":{"@type":"PropertyValueSpecification","valueRequired":true,"valueName":"search_term_string"}}],"inLanguage":"es"}]}},"_links":{"self":[{"href":"https:\/\/www.finqueslavignole.com\/es\/wp-json\/wp\/v2\/pages\/278","targetHints":{"allow":["GET"]}}],"collection":[{"href":"https:\/\/www.finqueslavignole.com\/es\/wp-json\/wp\/v2\/pages"}],"about":[{"href":"https:\/\/www.finqueslavignole.com\/es\/wp-json\/wp\/v2\/types\/page"}],"author":[{"embeddable":true,"href":"https:\/\/www.finqueslavignole.com\/es\/wp-json\/wp\/v2\/users\/1"}],"replies":[{"embeddable":true,"href":"https:\/\/www.finqueslavignole.com\/es\/wp-json\/wp\/v2\/comments?post=278"}],"version-history":[{"count":5,"href":"https:\/\/www.finqueslavignole.com\/es\/wp-json\/wp\/v2\/pages\/278\/revisions"}],"predecessor-version":[{"id":283,"href":"https:\/\/www.finqueslavignole.com\/es\/wp-json\/wp\/v2\/pages\/278\/revisions\/283"}],"wp:featuredmedia":[{"embeddable":true,"href":"https:\/\/www.finqueslavignole.com\/es\/wp-json\/wp\/v2\/media\/182"}],"wp:attachment":[{"href":"https:\/\/www.finqueslavignole.com\/es\/wp-json\/wp\/v2\/media?parent=278"}],"curies":[{"name":"wp","href":"https:\/\/api.w.org\/{rel}","templated":true}]}}